{"id":492,"date":"2025-10-06T12:49:18","date_gmt":"2025-10-06T10:49:18","guid":{"rendered":"https:\/\/www.lin-lock.com\/?page_id=492"},"modified":"2026-02-24T09:02:36","modified_gmt":"2026-02-24T08:02:36","slug":"simulateur-cout-linlock","status":"publish","type":"page","link":"https:\/\/www.lin-lock.com\/index.php\/simulateur-cout-linlock\/","title":{"rendered":"Simulateur"},"content":{"rendered":"\t\t<div data-elementor-type=\"wp-page\" data-elementor-id=\"492\" class=\"elementor elementor-492\" data-elementor-post-type=\"page\">\n\t\t\t\t<div class=\"elementor-element elementor-element-12fe1b8c e-con-full e-flex e-con e-parent\" data-id=\"12fe1b8c\" data-element_type=\"container\" data-e-type=\"container\" data-settings=\"{&quot;background_background&quot;:&quot;classic&quot;}\">\n\t\t\t\t<div class=\"elementor-element elementor-element-5f82438c elementor-widget elementor-widget-heading\" data-id=\"5f82438c\" data-element_type=\"widget\" data-e-type=\"widget\" data-widget_type=\"heading.default\">\n\t\t\t\t<div class=\"elementor-widget-container\">\n\t\t\t\t\t<h1 class=\"elementor-heading-title elementor-size-default\">B\u00e9n\u00e9ficiez de votre 1e location offerte !<\/h1>\t\t\t\t<\/div>\n\t\t\t\t<\/div>\n\t\t\t\t<div class=\"elementor-element elementor-element-24ddbe2 elementor-widget elementor-widget-text-editor\" data-id=\"24ddbe2\" data-element_type=\"widget\" data-e-type=\"widget\" data-widget_type=\"text-editor.default\">\n\t\t\t\t<div class=\"elementor-widget-container\">\n\t\t\t\t\t\t\t\t\t<p class=\"whitespace-break-spaces\"><strong>Ce formulaire ne prend que 30 secondes.<\/strong><br \/>\u00c0 l\u2019issue, vous recevrez un e-mail r\u00e9capitulatif avec :<\/p><p>\u2705 Notre grille tarifaire compl\u00e8te<\/p><p>\u2705 Le d\u00e9tail de la composition de nos kits<\/p><p>\u2705 Nos coordonn\u00e9es pour planifier un rendez-vous t\u00e9l\u00e9phonique<\/p><div class=\"flex grow justify-center overflow-y-auto m-scrollable-vertical m-scrollable-horizontal px-4 lg:px-6 pt-2.5\"><div class=\"w-full sm:max-w-235 flex flex-col\"><div class=\"w-full flex flex-col gap-9\"><div class=\"flex items-center last:items-start gap-2.5 last:min-h-[55vh] max-sm:last:min-h-[50vh]\" data-index=\"64349614\"><div class=\"w-full\"><div class=\"p-4 rounded-xl relative outline outline-neutral-50 dark:outline-neutral-600\"><div><div class=\"flex gap-2 w-full sm:max-w-[850px] m-scrollable-horizontal\"><div class=\"w-full\"><div class=\"message_content_1332 openai openai-gpt-5.2 thinking-block-collapsed\"><div class=\"markdown-content\"><p>Nous pourrons ainsi vous accompagner dans la r\u00e9alisation de votre premi\u00e8re commande en toute simplicit\u00e9.<\/p><\/div><\/div><\/div><\/div><\/div><\/div><\/div><\/div><\/div><\/div><\/div>\t\t\t\t\t\t\t\t<\/div>\n\t\t\t\t<\/div>\n\t\t\t\t<div class=\"elementor-element elementor-element-2e7f957f elementor-button-align-center elementor-tablet-button-align-center elementor-widget elementor-widget-form\" data-id=\"2e7f957f\" data-element_type=\"widget\" data-e-type=\"widget\" data-settings=\"{&quot;step_next_label&quot;:&quot;Suivant&quot;,&quot;step_previous_label&quot;:&quot;Pr\\u00e9c\\u00e9dent&quot;,&quot;button_width&quot;:&quot;100&quot;,&quot;step_type&quot;:&quot;number_text&quot;,&quot;step_icon_shape&quot;:&quot;circle&quot;}\" data-widget_type=\"form.default\">\n\t\t\t\t<div class=\"elementor-widget-container\">\n\t\t\t\t\t\t\t<form class=\"elementor-form\" method=\"post\" name=\"Simulateur\" aria-label=\"Simulateur\">\n\t\t\t<input type=\"hidden\" name=\"post_id\" value=\"492\"\/>\n\t\t\t<input type=\"hidden\" name=\"form_id\" value=\"2e7f957f\"\/>\n\t\t\t<input type=\"hidden\" name=\"referer_title\" value=\"Lin&amp;Lock\" \/>\n\n\t\t\t\n\t\t\t<div class=\"elementor-form-fields-wrapper elementor-labels-above\">\n\t\t\t\t\t\t\t\t<div class=\"elementor-field-type-step elementor-field-group elementor-column elementor-field-group-field_affedfb elementor-col-100\">\n\t\t\t\t\t\t\t<div class=\"e-field-step elementor-hidden\" data-label=\"\" data-previousButton=\"\" data-nextButton=\"\" data-iconUrl=\"\" data-iconLibrary=\"fas fa-star\" data-icon=\"&lt;svg class=&quot;e-font-icon-svg e-fas-star&quot; viewBox=&quot;0 0 576 512&quot; xmlns=&quot;http:\/\/www.w3.org\/2000\/svg&quot;&gt;&lt;path d=&quot;M259.3 17.8L194 150.2 47.9 171.5c-26.2 3.8-36.7 36.1-17.7 54.6l105.7 103-25 145.5c-4.5 26.3 23.2 46 46.4 33.7L288 439.6l130.7 68.7c23.2 12.2 50.9-7.4 46.4-33.7l-25-145.5 105.7-103c19-18.5 8.5-50.8-17.7-54.6L382 150.2 316.7 17.8c-11.7-23.6-45.6-23.9-57.4 0z&quot;&gt;&lt;\/path&gt;&lt;\/svg&gt;\" ><\/div>\n\n\t\t\t\t\t\t<\/div>\n\t\t\t\t\t\t\t\t<div class=\"elementor-field-type-text elementor-field-group elementor-column elementor-field-group-field_79266ee elementor-col-100 elementor-field-required elementor-mark-required\">\n\t\t\t\t\t\t\t\t\t\t\t\t<label for=\"form-field-field_79266ee\" class=\"elementor-field-label\">\n\t\t\t\t\t\t\t\tNom de votre \u00e9tablissement\t\t\t\t\t\t\t<\/label>\n\t\t\t\t\t\t\t\t\t\t\t\t\t\t<input size=\"1\" type=\"text\" name=\"form_fields[field_79266ee]\" id=\"form-field-field_79266ee\" class=\"elementor-field elementor-size-sm  elementor-field-textual\" placeholder=\"Nom \u00e9tablissement\" required=\"required\">\n\t\t\t\t\t\t\t\t\t\t\t<\/div>\n\t\t\t\t\t\t\t\t<div class=\"elementor-field-type-number elementor-field-group elementor-column elementor-field-group-field_955b7c5 elementor-col-100 elementor-field-required elementor-mark-required\">\n\t\t\t\t\t\t\t\t\t\t\t\t<label for=\"form-field-field_955b7c5\" class=\"elementor-field-label\">\n\t\t\t\t\t\t\t\tNombre de couchage au sein de votre \u00e9tablissement\t\t\t\t\t\t\t<\/label>\n\t\t\t\t\t\t\t\t\t<input type=\"number\" name=\"form_fields[field_955b7c5]\" id=\"form-field-field_955b7c5\" class=\"elementor-field elementor-size-sm  elementor-field-textual\" placeholder=\"Quantit\u00e9 de couchage\" required=\"required\" min=\"0\" max=\"20\" >\n\t\t\t\t\t\t<\/div>\n\t\t\t\t\t\t\t\t<div class=\"elementor-field-type-step elementor-field-group elementor-column elementor-field-group-field_fb43f37 elementor-col-100\">\n\t\t\t\t\t\t\t<div class=\"e-field-step elementor-hidden\" data-label=\"\" data-previousButton=\"\" data-nextButton=\"\" data-iconUrl=\"\" data-iconLibrary=\"fas fa-star\" data-icon=\"&lt;svg class=&quot;e-font-icon-svg e-fas-star&quot; viewBox=&quot;0 0 576 512&quot; xmlns=&quot;http:\/\/www.w3.org\/2000\/svg&quot;&gt;&lt;path d=&quot;M259.3 17.8L194 150.2 47.9 171.5c-26.2 3.8-36.7 36.1-17.7 54.6l105.7 103-25 145.5c-4.5 26.3 23.2 46 46.4 33.7L288 439.6l130.7 68.7c23.2 12.2 50.9-7.4 46.4-33.7l-25-145.5 105.7-103c19-18.5 8.5-50.8-17.7-54.6L382 150.2 316.7 17.8c-11.7-23.6-45.6-23.9-57.4 0z&quot;&gt;&lt;\/path&gt;&lt;\/svg&gt;\" ><\/div>\n\n\t\t\t\t\t\t<\/div>\n\t\t\t\t\t\t\t\t<div class=\"elementor-field-type-number elementor-field-group elementor-column elementor-field-group-field_b6a3e25 elementor-col-100 elementor-field-required elementor-mark-required\">\n\t\t\t\t\t\t\t\t\t\t\t\t<label for=\"form-field-field_b6a3e25\" class=\"elementor-field-label\">\n\t\t\t\t\t\t\t\tLocation pour un s\u00e9jour de combien de nuit ?\t\t\t\t\t\t\t<\/label>\n\t\t\t\t\t\t\t\t\t<input type=\"number\" name=\"form_fields[field_b6a3e25]\" id=\"form-field-field_b6a3e25\" class=\"elementor-field elementor-size-sm  elementor-field-textual\" placeholder=\"Nombre de nuit\u00e9\" required=\"required\" min=\"0\" max=\"20\" >\n\t\t\t\t\t\t<\/div>\n\t\t\t\t\t\t\t\t<div class=\"elementor-field-type-step elementor-field-group elementor-column elementor-field-group-field_8ecabc7 elementor-col-100\">\n\t\t\t\t\t\t\t<div class=\"e-field-step elementor-hidden\" data-label=\"\" data-previousButton=\"\" data-nextButton=\"\" data-iconUrl=\"\" data-iconLibrary=\"fas fa-star\" data-icon=\"&lt;svg class=&quot;e-font-icon-svg e-fas-star&quot; viewBox=&quot;0 0 576 512&quot; xmlns=&quot;http:\/\/www.w3.org\/2000\/svg&quot;&gt;&lt;path d=&quot;M259.3 17.8L194 150.2 47.9 171.5c-26.2 3.8-36.7 36.1-17.7 54.6l105.7 103-25 145.5c-4.5 26.3 23.2 46 46.4 33.7L288 439.6l130.7 68.7c23.2 12.2 50.9-7.4 46.4-33.7l-25-145.5 105.7-103c19-18.5 8.5-50.8-17.7-54.6L382 150.2 316.7 17.8c-11.7-23.6-45.6-23.9-57.4 0z&quot;&gt;&lt;\/path&gt;&lt;\/svg&gt;\" ><\/div>\n\n\t\t\t\t\t\t<\/div>\n\t\t\t\t\t\t\t\t<div class=\"elementor-field-type-number elementor-field-group elementor-column elementor-field-group-name elementor-col-100 elementor-field-required elementor-mark-required\">\n\t\t\t\t\t\t\t\t\t\t\t\t<label for=\"form-field-name\" class=\"elementor-field-label\">\n\t\t\t\t\t\t\t\tCombien de kit 1 personne\t\t\t\t\t\t\t<\/label>\n\t\t\t\t\t\t\t\t\t<input type=\"number\" name=\"form_fields[name]\" id=\"form-field-name\" class=\"elementor-field elementor-size-sm  elementor-field-textual\" placeholder=\"Nombre de kit\" required=\"required\" min=\"0\" max=\"15\" >\n\t\t\t\t\t\t<\/div>\n\t\t\t\t\t\t\t\t<div class=\"elementor-field-type-number elementor-field-group elementor-column elementor-field-group-field_a398dc6 elementor-col-100 elementor-field-required elementor-mark-required\">\n\t\t\t\t\t\t\t\t\t\t\t\t<label for=\"form-field-field_a398dc6\" class=\"elementor-field-label\">\n\t\t\t\t\t\t\t\tCombien de kit 2 personnes\t\t\t\t\t\t\t<\/label>\n\t\t\t\t\t\t\t\t\t<input type=\"number\" name=\"form_fields[field_a398dc6]\" id=\"form-field-field_a398dc6\" class=\"elementor-field elementor-size-sm  elementor-field-textual\" placeholder=\"Nombre de kit\" required=\"required\" min=\"0\" max=\"15\" >\n\t\t\t\t\t\t<\/div>\n\t\t\t\t\t\t\t\t<div class=\"elementor-field-type-number elementor-field-group elementor-column elementor-field-group-field_a7ca10d elementor-col-100 elementor-field-required elementor-mark-required\">\n\t\t\t\t\t\t\t\t\t\t\t\t<label for=\"form-field-field_a7ca10d\" class=\"elementor-field-label\">\n\t\t\t\t\t\t\t\tCombien de kit KING SIZE\t\t\t\t\t\t\t<\/label>\n\t\t\t\t\t\t\t\t\t<input type=\"number\" name=\"form_fields[field_a7ca10d]\" id=\"form-field-field_a7ca10d\" class=\"elementor-field elementor-size-sm  elementor-field-textual\" placeholder=\"Nombre de kit\" required=\"required\" min=\"0\" max=\"15\" >\n\t\t\t\t\t\t<\/div>\n\t\t\t\t\t\t\t\t<div class=\"elementor-field-type-step elementor-field-group elementor-column elementor-field-group-field_74af675 elementor-col-100\">\n\t\t\t\t\t\t\t<div class=\"e-field-step elementor-hidden\" data-label=\"\" data-previousButton=\"\" data-nextButton=\"\" data-iconUrl=\"\" data-iconLibrary=\"fas fa-star\" data-icon=\"&lt;svg class=&quot;e-font-icon-svg e-fas-star&quot; viewBox=&quot;0 0 576 512&quot; xmlns=&quot;http:\/\/www.w3.org\/2000\/svg&quot;&gt;&lt;path d=&quot;M259.3 17.8L194 150.2 47.9 171.5c-26.2 3.8-36.7 36.1-17.7 54.6l105.7 103-25 145.5c-4.5 26.3 23.2 46 46.4 33.7L288 439.6l130.7 68.7c23.2 12.2 50.9-7.4 46.4-33.7l-25-145.5 105.7-103c19-18.5 8.5-50.8-17.7-54.6L382 150.2 316.7 17.8c-11.7-23.6-45.6-23.9-57.4 0z&quot;&gt;&lt;\/path&gt;&lt;\/svg&gt;\" ><\/div>\n\n\t\t\t\t\t\t<\/div>\n\t\t\t\t\t\t\t\t<div class=\"elementor-field-type-text elementor-field-group elementor-column elementor-field-group-field_6b3116e elementor-col-100 elementor-field-required elementor-mark-required\">\n\t\t\t\t\t\t\t\t\t\t\t\t<label for=\"form-field-field_6b3116e\" class=\"elementor-field-label\">\n\t\t\t\t\t\t\t\tNom\t\t\t\t\t\t\t<\/label>\n\t\t\t\t\t\t\t\t\t\t\t\t\t\t<input size=\"1\" type=\"text\" name=\"form_fields[field_6b3116e]\" id=\"form-field-field_6b3116e\" class=\"elementor-field elementor-size-sm  elementor-field-textual\" placeholder=\"Votre nom\" required=\"required\">\n\t\t\t\t\t\t\t\t\t\t\t<\/div>\n\t\t\t\t\t\t\t\t<div class=\"elementor-field-type-text elementor-field-group elementor-column elementor-field-group-field_37d2f5b elementor-col-100 elementor-field-required elementor-mark-required\">\n\t\t\t\t\t\t\t\t\t\t\t\t<label for=\"form-field-field_37d2f5b\" class=\"elementor-field-label\">\n\t\t\t\t\t\t\t\tPr\u00e9nom\t\t\t\t\t\t\t<\/label>\n\t\t\t\t\t\t\t\t\t\t\t\t\t\t<input size=\"1\" type=\"text\" name=\"form_fields[field_37d2f5b]\" id=\"form-field-field_37d2f5b\" class=\"elementor-field elementor-size-sm  elementor-field-textual\" placeholder=\"Votre pr\u00e9nom\" required=\"required\">\n\t\t\t\t\t\t\t\t\t\t\t<\/div>\n\t\t\t\t\t\t\t\t<div class=\"elementor-field-type-tel elementor-field-group elementor-column elementor-field-group-field_8a6df19 elementor-col-100 elementor-field-required elementor-mark-required\">\n\t\t\t\t\t\t\t\t\t\t\t\t<label for=\"form-field-field_8a6df19\" class=\"elementor-field-label\">\n\t\t\t\t\t\t\t\tT\u00e9l\u00e9phone\t\t\t\t\t\t\t<\/label>\n\t\t\t\t\t\t\t\t<input size=\"1\" type=\"tel\" name=\"form_fields[field_8a6df19]\" id=\"form-field-field_8a6df19\" class=\"elementor-field elementor-size-sm  elementor-field-textual\" placeholder=\"Votre num\u00e9ro de t\u00e9l\u00e9phone\" required=\"required\" pattern=\"[0-9()#&amp;+*-=.]+\" title=\"Seuls les caract\u00e8res de num\u00e9ros de t\u00e9l\u00e9phone (#, -, *, etc.) sont accept\u00e9s.\">\n\n\t\t\t\t\t\t<\/div>\n\t\t\t\t\t\t\t\t<div class=\"elementor-field-type-email elementor-field-group elementor-column elementor-field-group-field_72bdbb6 elementor-col-100 elementor-field-required elementor-mark-required\">\n\t\t\t\t\t\t\t\t\t\t\t\t<label for=\"form-field-field_72bdbb6\" class=\"elementor-field-label\">\n\t\t\t\t\t\t\t\tVotre adresse mail\t\t\t\t\t\t\t<\/label>\n\t\t\t\t\t\t\t\t\t\t\t\t\t\t<input size=\"1\" type=\"email\" name=\"form_fields[field_72bdbb6]\" id=\"form-field-field_72bdbb6\" class=\"elementor-field elementor-size-sm  elementor-field-textual\" placeholder=\"Mail\" required=\"required\">\n\t\t\t\t\t\t\t\t\t\t\t<\/div>\n\t\t\t\t\t\t\t\t<div class=\"elementor-field-type-text elementor-field-group elementor-column elementor-field-group-field_1a57c63 elementor-col-100 elementor-field-required elementor-mark-required\">\n\t\t\t\t\t\t\t\t\t\t\t\t<label for=\"form-field-field_1a57c63\" class=\"elementor-field-label\">\n\t\t\t\t\t\t\t\tAdresse postale\t\t\t\t\t\t\t<\/label>\n\t\t\t\t\t\t\t\t\t\t\t\t\t\t<input size=\"1\" type=\"text\" name=\"form_fields[field_1a57c63]\" id=\"form-field-field_1a57c63\" class=\"elementor-field elementor-size-sm  elementor-field-textual\" placeholder=\"Adresse postale\" required=\"required\">\n\t\t\t\t\t\t\t\t\t\t\t<\/div>\n\t\t\t\t\t\t\t\t<div class=\"elementor-field-type-text elementor-field-group elementor-column elementor-field-group-field_e44afd1 elementor-col-100 elementor-field-required elementor-mark-required\">\n\t\t\t\t\t\t\t\t\t\t\t\t<label for=\"form-field-field_e44afd1\" class=\"elementor-field-label\">\n\t\t\t\t\t\t\t\tVille\t\t\t\t\t\t\t<\/label>\n\t\t\t\t\t\t\t\t\t\t\t\t\t\t<input size=\"1\" type=\"text\" name=\"form_fields[field_e44afd1]\" id=\"form-field-field_e44afd1\" class=\"elementor-field elementor-size-sm  elementor-field-textual\" placeholder=\"Ville\" required=\"required\">\n\t\t\t\t\t\t\t\t\t\t\t<\/div>\n\t\t\t\t\t\t\t\t<div class=\"elementor-field-type-text elementor-field-group elementor-column elementor-field-group-field_7b4af30 elementor-col-100 elementor-field-required elementor-mark-required\">\n\t\t\t\t\t\t\t\t\t\t\t\t<label for=\"form-field-field_7b4af30\" class=\"elementor-field-label\">\n\t\t\t\t\t\t\t\tCode postal\t\t\t\t\t\t\t<\/label>\n\t\t\t\t\t\t\t\t\t\t\t\t\t\t<input size=\"1\" type=\"text\" name=\"form_fields[field_7b4af30]\" id=\"form-field-field_7b4af30\" class=\"elementor-field elementor-size-sm  elementor-field-textual\" placeholder=\"Code postal\" required=\"required\">\n\t\t\t\t\t\t\t\t\t\t\t<\/div>\n\t\t\t\t\t\t\t\t<div class=\"elementor-field-type-acceptance elementor-field-group elementor-column elementor-field-group-field_35158d4 elementor-col-100 elementor-field-required elementor-mark-required\">\n\t\t\t\t\t\t\t<div class=\"elementor-field-subgroup\">\n\t\t\t<span class=\"elementor-field-option\">\n\t\t\t\t<input type=\"checkbox\" name=\"form_fields[field_35158d4]\" id=\"form-field-field_35158d4\" class=\"elementor-field elementor-size-sm  elementor-acceptance-field\" required=\"required\">\n\t\t\t\t<label for=\"form-field-field_35158d4\">En soumettant ce formulaire, j\u2019accepte d\u2019\u00eatre recontact\u00e9(e) par Lin&Lock et j\u2019accepte la <a href=\"https:\/\/www.lin-lock.com\/index.php\/politique-de-confidentialite\/\">Politique de Confidentialit\u00e9.<\/a><\/label>\t\t\t<\/span>\n\t\t<\/div>\n\t\t\t\t\t\t<\/div>\n\t\t\t\t\t\t\t\t<div class=\"elementor-field-group elementor-column elementor-field-type-submit elementor-col-100 e-form__buttons\">\n\t\t\t\t\t<button class=\"elementor-button elementor-size-sm elementor-animation-grow\" type=\"submit\">\n\t\t\t\t\t\t<span class=\"elementor-button-content-wrapper\">\n\t\t\t\t\t\t\t\t\t\t\t\t\t\t\t\t\t\t\t\t\t\t<span class=\"elementor-button-text\">Envoyer<\/span>\n\t\t\t\t\t\t\t\t\t\t\t\t\t<\/span>\n\t\t\t\t\t<\/button>\n\t\t\t\t<\/div>\n\t\t\t<\/div>\n\t\t<\/form>\n\t\t\t\t\t\t<\/div>\n\t\t\t\t<\/div>\n\t\t\t\t<\/div>\n\t\t\t\t<\/div>\n\t\t","protected":false},"excerpt":{"rendered":"<p>B\u00e9n\u00e9ficiez de votre 1e location offerte ! Ce formulaire ne prend que 30 secondes.\u00c0 l\u2019issue, vous recevrez un e-mail r\u00e9capitulatif avec : \u2705 Notre grille tarifaire compl\u00e8te \u2705 Le d\u00e9tail de la composition de nos kits \u2705 Nos coordonn\u00e9es pour planifier un rendez-vous t\u00e9l\u00e9phonique Nous pourrons ainsi vous accompagner dans la r\u00e9alisation de votre premi\u00e8re [&hellip;]<\/p>\n","protected":false},"author":1,"featured_media":0,"parent":0,"menu_order":0,"comment_status":"closed","ping_status":"closed","template":"","meta":{"footnotes":""},"class_list":["post-492","page","type-page","status-publish","hentry"],"mb":[],"yoast_head":"<!-- This site is optimized with the Yoast SEO plugin v27.4 - https:\/\/yoast.com\/product\/yoast-seo-wordpress\/ -->\n<title>Simulateur - Lin&amp;Lock<\/title>\n<meta name=\"robots\" content=\"index, follow, max-snippet:-1, max-image-preview:large, max-video-preview:-1\" \/>\n<link rel=\"canonical\" href=\"https:\/\/www.lin-lock.com\/index.php\/simulateur-cout-linlock\/\" \/>\n<meta property=\"og:locale\" content=\"fr_FR\" \/>\n<meta property=\"og:type\" content=\"article\" \/>\n<meta property=\"og:title\" content=\"Simulateur - Lin&amp;Lock\" \/>\n<meta property=\"og:description\" content=\"B\u00e9n\u00e9ficiez de votre 1e location offerte ! Ce formulaire ne prend que 30 secondes.\u00c0 l\u2019issue, vous recevrez un e-mail r\u00e9capitulatif avec : \u2705 Notre grille tarifaire compl\u00e8te \u2705 Le d\u00e9tail de la composition de nos kits \u2705 Nos coordonn\u00e9es pour planifier un rendez-vous t\u00e9l\u00e9phonique Nous pourrons ainsi vous accompagner dans la r\u00e9alisation de votre premi\u00e8re [&hellip;]\" \/>\n<meta property=\"og:url\" content=\"https:\/\/www.lin-lock.com\/index.php\/simulateur-cout-linlock\/\" \/>\n<meta property=\"og:site_name\" content=\"Lin&amp;Lock\" \/>\n<meta property=\"article:modified_time\" content=\"2026-02-24T08:02:36+00:00\" \/>\n<meta name=\"twitter:card\" content=\"summary_large_image\" \/>\n<meta name=\"twitter:label1\" content=\"Dur\u00e9e de lecture estim\u00e9e\" \/>\n\t<meta name=\"twitter:data1\" content=\"2 minutes\" \/>\n<script type=\"application\/ld+json\" class=\"yoast-schema-graph\">{\"@context\":\"https:\\\/\\\/schema.org\",\"@graph\":[{\"@type\":\"WebPage\",\"@id\":\"https:\\\/\\\/www.lin-lock.com\\\/index.php\\\/simulateur-cout-linlock\\\/\",\"url\":\"https:\\\/\\\/www.lin-lock.com\\\/index.php\\\/simulateur-cout-linlock\\\/\",\"name\":\"Simulateur - Lin&amp;Lock\",\"isPartOf\":{\"@id\":\"https:\\\/\\\/www.lin-lock.com\\\/#website\"},\"datePublished\":\"2025-10-06T10:49:18+00:00\",\"dateModified\":\"2026-02-24T08:02:36+00:00\",\"breadcrumb\":{\"@id\":\"https:\\\/\\\/www.lin-lock.com\\\/index.php\\\/simulateur-cout-linlock\\\/#breadcrumb\"},\"inLanguage\":\"fr-FR\",\"potentialAction\":[{\"@type\":\"ReadAction\",\"target\":[\"https:\\\/\\\/www.lin-lock.com\\\/index.php\\\/simulateur-cout-linlock\\\/\"]}]},{\"@type\":\"BreadcrumbList\",\"@id\":\"https:\\\/\\\/www.lin-lock.com\\\/index.php\\\/simulateur-cout-linlock\\\/#breadcrumb\",\"itemListElement\":[{\"@type\":\"ListItem\",\"position\":1,\"name\":\"Accueil\",\"item\":\"https:\\\/\\\/www.lin-lock.com\\\/\"},{\"@type\":\"ListItem\",\"position\":2,\"name\":\"Simulateur\"}]},{\"@type\":\"WebSite\",\"@id\":\"https:\\\/\\\/www.lin-lock.com\\\/#website\",\"url\":\"https:\\\/\\\/www.lin-lock.com\\\/\",\"name\":\"Lin&Lock\",\"description\":\"G\u00e9rer votre temps, pas votre linge\",\"publisher\":{\"@id\":\"https:\\\/\\\/www.lin-lock.com\\\/#organization\"},\"potentialAction\":[{\"@type\":\"SearchAction\",\"target\":{\"@type\":\"EntryPoint\",\"urlTemplate\":\"https:\\\/\\\/www.lin-lock.com\\\/?s={search_term_string}\"},\"query-input\":{\"@type\":\"PropertyValueSpecification\",\"valueRequired\":true,\"valueName\":\"search_term_string\"}}],\"inLanguage\":\"fr-FR\"},{\"@type\":\"Organization\",\"@id\":\"https:\\\/\\\/www.lin-lock.com\\\/#organization\",\"name\":\"Lin&Lock\",\"url\":\"https:\\\/\\\/www.lin-lock.com\\\/\",\"logo\":{\"@type\":\"ImageObject\",\"inLanguage\":\"fr-FR\",\"@id\":\"https:\\\/\\\/www.lin-lock.com\\\/#\\\/schema\\\/logo\\\/image\\\/\",\"url\":\"https:\\\/\\\/www.lin-lock.com\\\/wp-content\\\/uploads\\\/2025\\\/02\\\/Logo-LL-1.png\",\"contentUrl\":\"https:\\\/\\\/www.lin-lock.com\\\/wp-content\\\/uploads\\\/2025\\\/02\\\/Logo-LL-1.png\",\"width\":500,\"height\":500,\"caption\":\"Lin&Lock\"},\"image\":{\"@id\":\"https:\\\/\\\/www.lin-lock.com\\\/#\\\/schema\\\/logo\\\/image\\\/\"}}]}<\/script>\n<!-- \/ Yoast SEO plugin. -->","yoast_head_json":{"title":"Simulateur - Lin&amp;Lock","robots":{"index":"index","follow":"follow","max-snippet":"max-snippet:-1","max-image-preview":"max-image-preview:large","max-video-preview":"max-video-preview:-1"},"canonical":"https:\/\/www.lin-lock.com\/index.php\/simulateur-cout-linlock\/","og_locale":"fr_FR","og_type":"article","og_title":"Simulateur - Lin&amp;Lock","og_description":"B\u00e9n\u00e9ficiez de votre 1e location offerte ! Ce formulaire ne prend que 30 secondes.\u00c0 l\u2019issue, vous recevrez un e-mail r\u00e9capitulatif avec : \u2705 Notre grille tarifaire compl\u00e8te \u2705 Le d\u00e9tail de la composition de nos kits \u2705 Nos coordonn\u00e9es pour planifier un rendez-vous t\u00e9l\u00e9phonique Nous pourrons ainsi vous accompagner dans la r\u00e9alisation de votre premi\u00e8re [&hellip;]","og_url":"https:\/\/www.lin-lock.com\/index.php\/simulateur-cout-linlock\/","og_site_name":"Lin&amp;Lock","article_modified_time":"2026-02-24T08:02:36+00:00","twitter_card":"summary_large_image","twitter_misc":{"Dur\u00e9e de lecture estim\u00e9e":"2 minutes"},"schema":{"@context":"https:\/\/schema.org","@graph":[{"@type":"WebPage","@id":"https:\/\/www.lin-lock.com\/index.php\/simulateur-cout-linlock\/","url":"https:\/\/www.lin-lock.com\/index.php\/simulateur-cout-linlock\/","name":"Simulateur - Lin&amp;Lock","isPartOf":{"@id":"https:\/\/www.lin-lock.com\/#website"},"datePublished":"2025-10-06T10:49:18+00:00","dateModified":"2026-02-24T08:02:36+00:00","breadcrumb":{"@id":"https:\/\/www.lin-lock.com\/index.php\/simulateur-cout-linlock\/#breadcrumb"},"inLanguage":"fr-FR","potentialAction":[{"@type":"ReadAction","target":["https:\/\/www.lin-lock.com\/index.php\/simulateur-cout-linlock\/"]}]},{"@type":"BreadcrumbList","@id":"https:\/\/www.lin-lock.com\/index.php\/simulateur-cout-linlock\/#breadcrumb","itemListElement":[{"@type":"ListItem","position":1,"name":"Accueil","item":"https:\/\/www.lin-lock.com\/"},{"@type":"ListItem","position":2,"name":"Simulateur"}]},{"@type":"WebSite","@id":"https:\/\/www.lin-lock.com\/#website","url":"https:\/\/www.lin-lock.com\/","name":"Lin&Lock","description":"G\u00e9rer votre temps, pas votre linge","publisher":{"@id":"https:\/\/www.lin-lock.com\/#organization"},"potentialAction":[{"@type":"SearchAction","target":{"@type":"EntryPoint","urlTemplate":"https:\/\/www.lin-lock.com\/?s={search_term_string}"},"query-input":{"@type":"PropertyValueSpecification","valueRequired":true,"valueName":"search_term_string"}}],"inLanguage":"fr-FR"},{"@type":"Organization","@id":"https:\/\/www.lin-lock.com\/#organization","name":"Lin&Lock","url":"https:\/\/www.lin-lock.com\/","logo":{"@type":"ImageObject","inLanguage":"fr-FR","@id":"https:\/\/www.lin-lock.com\/#\/schema\/logo\/image\/","url":"https:\/\/www.lin-lock.com\/wp-content\/uploads\/2025\/02\/Logo-LL-1.png","contentUrl":"https:\/\/www.lin-lock.com\/wp-content\/uploads\/2025\/02\/Logo-LL-1.png","width":500,"height":500,"caption":"Lin&Lock"},"image":{"@id":"https:\/\/www.lin-lock.com\/#\/schema\/logo\/image\/"}}]}},"mfb_rest_fields":["title","yoast_head","yoast_head_json","gutenberg_elementor_mode"],"_links":{"self":[{"href":"https:\/\/www.lin-lock.com\/index.php\/wp-json\/wp\/v2\/pages\/492","targetHints":{"allow":["GET"]}}],"collection":[{"href":"https:\/\/www.lin-lock.com\/index.php\/wp-json\/wp\/v2\/pages"}],"about":[{"href":"https:\/\/www.lin-lock.com\/index.php\/wp-json\/wp\/v2\/types\/page"}],"author":[{"embeddable":true,"href":"https:\/\/www.lin-lock.com\/index.php\/wp-json\/wp\/v2\/users\/1"}],"replies":[{"embeddable":true,"href":"https:\/\/www.lin-lock.com\/index.php\/wp-json\/wp\/v2\/comments?post=492"}],"version-history":[{"count":68,"href":"https:\/\/www.lin-lock.com\/index.php\/wp-json\/wp\/v2\/pages\/492\/revisions"}],"predecessor-version":[{"id":1145,"href":"https:\/\/www.lin-lock.com\/index.php\/wp-json\/wp\/v2\/pages\/492\/revisions\/1145"}],"wp:attachment":[{"href":"https:\/\/www.lin-lock.com\/index.php\/wp-json\/wp\/v2\/media?parent=492"}],"curies":[{"name":"wp","href":"https:\/\/api.w.org\/{rel}","templated":true}]}}